{"id":43,"date":"2018-10-26T11:22:34","date_gmt":"2018-10-26T09:22:34","guid":{"rendered":"http:\/\/aof55.com\/?page_id=43"},"modified":"2019-04-30T13:57:37","modified_gmt":"2019-04-30T11:57:37","slug":"pour-les-professionnels","status":"publish","type":"page","link":"http:\/\/aof55.com\/index.php\/pour-les-professionnels\/","title":{"rendered":"Pour les professionnels"},"content":{"rendered":"<div style=\"text-align: justify;\">\n<div class=\"stroke stroke-red\"><\/div>\n<p><span style=\"color: #ff0000;\"><strong>Responsabilit\u00e9 civile<\/strong><\/span><br \/>\nCette responsabilit\u00e9 civile est l\u2019obligation de r\u00e9parer tous les pr\u00e9judices susceptibles d\u2019\u00eatre caus\u00e9s \u00e0 un client, \u00e0 un fournisseur ou \u00e0 un tiers dans le cadre d\u2019une activit\u00e9 professionnelle de vente ou de prestations de services. Il peut s\u2019agir de dommages : corporels (blessure d\u2019un client) ; mat\u00e9riels (casse ou destruction d\u2019un bien appartenant \u00e0 un client) ; ou immat\u00e9riels (par exemple, perte de chiffre d\u2019affaires d\u2019un client). L\u2019assurance responsabilit\u00e9 civile professionnelle indemnise les dommages caus\u00e9s par le dirigeant et ses salari\u00e9s (ou les personnes d\u00e9pendant de lui) : faute professionnelle, omission, n\u00e9gligence, manque de prudence, conseil inadapt\u00e9, d\u00e9faut de conception ou de r\u00e9alisation, et m\u00eame violation du droit \u00e0 l\u2019image.<\/p>\n<div class=\"stroke stroke-green\"><\/div>\n<p><span style=\"color: #339966;\"><strong>Dommages<\/strong><\/span><br \/>\n\u00c0 l\u2019image d\u2019une multirisques habitation, une assurance multirisques professionnelle garantit les dommages susceptibles d\u2019\u00eatre caus\u00e9s \u00e0 l\u2019entreprise \u00e0 la suite : d\u2019un incendie, d\u2019un d\u00e9g\u00e2t des eaux, d\u2019un vol, d\u2019une catastrophe naturelle, d\u2019un acte de vandalisme, etc. Ces contrats fonctionnant comme des \u00ab bouquets \u00bb de garanties. Ils peuvent \u00e9galement \u00eatre enrichis par diverses options : garantie perte d\u2019exploitation (indemnisant les cons\u00e9quences d\u2019une impossibilit\u00e9 temporaire d\u2019exercer) ; assistance protection juridique.<\/p>\n<div class=\"stroke stroke-orange\"><\/div>\n<p><span style=\"color: #ff6600;\"><strong>Protection juridique<\/strong><\/span><br \/>\nL&rsquo;assurance protection juridique professionnelle donne acc\u00e8s \u00e0 un service t\u00e9l\u00e9phonique qui d\u00e9livre \u00e0 l&rsquo;assur\u00e9 des conseils dans tous les domaines du droit pour l&rsquo;aider \u00e0 g\u00e9rer un conflit avec un client, un fournisseur, un salari\u00e9. L\u2019assurance protection juridique professionnelle offre \u00e9galement un service de n\u00e9gociation, de gestion \u00e0 l&rsquo;amiable des litiges (pour d\u00e9fendre leurs int\u00e9r\u00eats) et d&rsquo;accompagnement devant les tribunaux en cas de litiges plus s\u00e9rieux. La protection juridique professionnelle assure enfin la couverture des frais de d\u00e9fense de l&rsquo;assur\u00e9 (honoraires d&rsquo;avocat, d&rsquo;expert, etc.) devant toute juridiction civile, administrative, p\u00e9nale.<\/p>\n<div class=\"stroke stroke-purple\"><\/div>\n<p><span style=\"color: #800080;\"><strong>Assurance Prud&rsquo;homale<\/strong><\/span><br \/>\n<span style=\"color: #800080;\">CHEFS D\u2019ENTREPRISES, UNE ASSURANCE PRUD&rsquo;HOMALE POUR VOUS PROT\u00c9GER !\u00a0<\/span>En cas de litige prud&rsquo;homal, vous pouvez d\u00e9sormais \u00eatre indemnis\u00e9s, non seulement des frais de justice, ce que garantit une traditionnelle protection juridique, mais bien au-del\u00e0 des dommages et int\u00e9r\u00eats auxquels vous seriez condamn\u00e9s.<\/p>\n<div class=\"stroke stroke-blue\"><\/div>\n<p><span style=\"color: #1a62b7;\"><strong>Sant\u00e9<\/strong><br \/>\n<\/span>Travailleur ind\u00e9pendant, commer\u00e7ant, artisan ou profession lib\u00e9rale, il est essentiel de disposer d\u2019une bonne couverture, pour vous et vos proches, dans le cadre de votre vie priv\u00e9e et de votre vie professionnelle. Votre assurance maladie ne rembourse qu\u2019une partie des d\u00e9penses de sant\u00e9 (consultations, pharmacie, hospitalisation, optique, dentaire&#8230;). La mutuelle sant\u00e9 sert \u00e0 compl\u00e9ter totalement ou partiellement les frais qui ne sont pas enti\u00e8rement pris en charge par l\u2019assurance maladie et ceux qu\u2019elle ne prend jamais en charge : implants dentaires, s\u00e9ances d\u2019ost\u00e9opathie, d\u00e9passements d\u2019honoraires, forfait journalier hospitalier&#8230; <strong>Souscrire une compl\u00e9mentaire sant\u00e9 permet donc d\u2019\u00eatre mieux rembours\u00e9 de vos d\u00e9penses de sant\u00e9.<\/strong><\/p>\n<div class=\"stroke stroke-grey\"><\/div>\n<p><span style=\"color: #999999;\"><strong>Pr\u00e9voyance<\/strong><\/span><br \/>\nParce que les indemnit\u00e9s vers\u00e9es par les r\u00e9gimes obligatoires des travailleurs non-salari\u00e9s (TNS) sont notoirement insuffisantes, il est judicieux de souscrire une pr\u00e9voyance <u>compl\u00e9mentaire pro<\/u>. Ainsi, en cas de coup dur, vous et votre famille \u00eates \u00e0 l\u2019abri. Depuis l\u2019arr\u00eat de travail jusqu\u2019au d\u00e9c\u00e8s en passant par l\u2019invalidit\u00e9, d\u00e9couvrez les garanties de l\u2019assurance pr\u00e9voyance pour les professionnels.<\/p>\n<div class=\"stroke stroke-brown\"><\/div>\n<p><span style=\"color: #800000;\"><strong>Retraite<\/strong><\/span><br \/>\nPour r\u00e9pondre au besoin de chacun de compl\u00e9ter son r\u00e9gime de retraite obligatoire (r\u00e9gime de base et r\u00e9gime de retraite compl\u00e9mentaire), les soci\u00e9t\u00e9s d&rsquo;assurances proposent des contrats d&rsquo;\u00e9pargne retraite qui peuvent \u00eatre souscrits dans un cadre personnel ou professionnel.<\/p>\n<\/div>\n<p><img loading=\"lazy\" decoding=\"async\" class=\"aligncenter size-large wp-image-139\" src=\"https:\/\/aof55.com\/wp-content\/uploads\/2018\/11\/insurance-3113180_1280-1024x682.jpg\" alt=\"\" width=\"750\" height=\"500\" srcset=\"http:\/\/aof55.com\/wp-content\/uploads\/2018\/11\/insurance-3113180_1280-1024x682.jpg 1024w, http:\/\/aof55.com\/wp-content\/uploads\/2018\/11\/insurance-3113180_1280-300x200.jpg 300w, http:\/\/aof55.com\/wp-content\/uploads\/2018\/11\/insurance-3113180_1280-768x512.jpg 768w, http:\/\/aof55.com\/wp-content\/uploads\/2018\/11\/insurance-3113180_1280.jpg 1280w\" sizes=\"auto, (max-width: 750px) 100vw, 750px\" \/><\/p>\n","protected":false},"excerpt":{"rendered":"<p>Responsabilit\u00e9 civile Cette responsabilit\u00e9 civile est l\u2019obligation de r\u00e9parer tous les pr\u00e9judices susceptibles d\u2019\u00eatre caus\u00e9s \u00e0 un client, \u00e0 un fournisseur ou \u00e0 un tiers dans le cadre d\u2019une activit\u00e9 professionnelle de vente ou de prestations de services. Il peut s\u2019agir de dommages : corporels (blessure d\u2019un client) ; mat\u00e9riels (casse ou destruction d\u2019un bien [&hellip;]<\/p>\n","protected":false},"author":1,"featured_media":0,"parent":0,"menu_order":0,"comment_status":"closed","ping_status":"closed","template":"Page-fullwidth.php","meta":{"footnotes":""},"class_list":["post-43","page","type-page","status-publish","hentry"],"_links":{"self":[{"href":"http:\/\/aof55.com\/index.php\/wp-json\/wp\/v2\/pages\/43","targetHints":{"allow":["GET"]}}],"collection":[{"href":"http:\/\/aof55.com\/index.php\/wp-json\/wp\/v2\/pages"}],"about":[{"href":"http:\/\/aof55.com\/index.php\/wp-json\/wp\/v2\/types\/page"}],"author":[{"embeddable":true,"href":"http:\/\/aof55.com\/index.php\/wp-json\/wp\/v2\/users\/1"}],"replies":[{"embeddable":true,"href":"http:\/\/aof55.com\/index.php\/wp-json\/wp\/v2\/comments?post=43"}],"version-history":[{"count":0,"href":"http:\/\/aof55.com\/index.php\/wp-json\/wp\/v2\/pages\/43\/revisions"}],"wp:attachment":[{"href":"http:\/\/aof55.com\/index.php\/wp-json\/wp\/v2\/media?parent=43"}],"curies":[{"name":"wp","href":"https:\/\/api.w.org\/{rel}","templated":true}]}}