{"id":38,"date":"2018-10-26T11:21:26","date_gmt":"2018-10-26T09:21:26","guid":{"rendered":"http:\/\/aof55.com\/?page_id=38"},"modified":"2021-10-14T11:02:48","modified_gmt":"2021-10-14T09:02:48","slug":"lagence","status":"publish","type":"page","link":"https:\/\/aof55.com\/index.php\/lagence\/","title":{"rendered":"L&rsquo;agence"},"content":{"rendered":"<p><img loading=\"lazy\" decoding=\"async\" class=\" wp-image-216 alignleft\" src=\"http:\/\/aof55.com\/wp-content\/uploads\/2021\/02\/IMG_7825-300x225.jpg\" alt=\"\" width=\"436\" height=\"327\" srcset=\"https:\/\/aof55.com\/wp-content\/uploads\/2021\/02\/IMG_7825-300x225.jpg 300w, https:\/\/aof55.com\/wp-content\/uploads\/2021\/02\/IMG_7825-768x576.jpg 768w, https:\/\/aof55.com\/wp-content\/uploads\/2021\/02\/IMG_7825-1024x768.jpg 1024w, https:\/\/aof55.com\/wp-content\/uploads\/2021\/02\/IMG_7825.jpg 1280w\" sizes=\"auto, (max-width: 436px) 100vw, 436px\" \/>Le<strong> cabinet AOF 55<\/strong>, situ\u00e9 \u00e0 Ligny-en-Barrois, entre Bar-le-Duc et Saint-Dizier, vous propose des services de courtage en assurances de biens, sant\u00e9, retraite, \u00e9pargne, pr\u00e9voyance et courtage en pr\u00eat immobilier, rachat de cr\u00e9dit.<\/p>\n<p style=\"text-align: justify;\">M.\u00a0<strong>Yanick BEYER<\/strong>\u00a0met son exp\u00e9rience en assurances au service de ses clients, afin de vous orienter au mieux dans l\u2019expression de vos besoins.<br \/>\nM. <strong>WEBER Patrick<\/strong> garantit quant \u00e0 lui le suivi des clients dans le secteur de la Meurthe et Moselle Nord.<\/p>\n<p style=\"text-align: justify;\">Etant toujours \u00e0 la recherche des <strong>meilleures offres<\/strong> pour nos clients, notre agence travaille avec plusieurs compagnies nous permettant de vous proposer la <strong>garantie la plus adapt\u00e9e<\/strong> \u00e0 votre situation.<\/p>\n<p style=\"text-align: justify;\">Afin de faciliter nos \u00e9changes, nous sommes joignables par t\u00e9l\u00e9phone, e-mail ou bien sur rendez-vous.<\/p>\n<p style=\"text-align: justify;\">La notion de <strong>conseil<\/strong> demeure la base de notre m\u00e9tier et <strong>l&rsquo;accompagnement<\/strong> de nos clients est indispensable pour permettre de r\u00e9pondre \u00e0 l&rsquo;\u00e9volution des contrats en cours.<\/p>\n<p style=\"text-align: justify;\">Nous assumons toute la partie administrative n\u00e9cessaire \u00e0 la gestion de vos contrats d&rsquo;assurance.<\/p>\n<p><img loading=\"lazy\" decoding=\"async\" class=\"alignright wp-image-101 size-large\" src=\"https:\/\/aof55.com\/wp-content\/uploads\/2018\/11\/health-2082630_1280-1024x358.jpg\" alt=\"\" width=\"750\" height=\"262\" srcset=\"https:\/\/aof55.com\/wp-content\/uploads\/2018\/11\/health-2082630_1280-1024x358.jpg 1024w, https:\/\/aof55.com\/wp-content\/uploads\/2018\/11\/health-2082630_1280-300x105.jpg 300w, https:\/\/aof55.com\/wp-content\/uploads\/2018\/11\/health-2082630_1280-768x268.jpg 768w, https:\/\/aof55.com\/wp-content\/uploads\/2018\/11\/health-2082630_1280.jpg 1280w\" sizes=\"auto, (max-width: 750px) 100vw, 750px\" \/><\/p>\n<p style=\"text-align: left;\"><span style=\"text-decoration: underline;\">Pourquoi nous faire confiance\u00a0?<\/span><\/p>\n<p style=\"text-align: left;\">&#8211; La proximit\u00e9 envers nos clients.<\/p>\n<p style=\"text-align: left;\">&#8211; La r\u00e9activit\u00e9.<\/p>\n<p style=\"text-align: left;\">&#8211; L\u2019\u00e9coute de vos besoins et la recherche de solutions adapt\u00e9es.<\/p>\n<p style=\"text-align: left;\">&#8211; Le conseil personnalis\u00e9.<\/p>\n","protected":false},"excerpt":{"rendered":"<p>Le cabinet AOF 55, situ\u00e9 \u00e0 Ligny-en-Barrois, entre Bar-le-Duc et Saint-Dizier, vous propose des services de courtage en assurances de biens, sant\u00e9, retraite, \u00e9pargne, pr\u00e9voyance et courtage en pr\u00eat immobilier, rachat de cr\u00e9dit. M.\u00a0Yanick BEYER\u00a0met son exp\u00e9rience en assurances au service de ses clients, afin de vous orienter au mieux dans l\u2019expression de vos besoins. [&hellip;]<\/p>\n","protected":false},"author":1,"featured_media":0,"parent":0,"menu_order":0,"comment_status":"closed","ping_status":"closed","template":"Page-fullwidth.php","meta":{"footnotes":""},"class_list":["post-38","page","type-page","status-publish","hentry"],"_links":{"self":[{"href":"https:\/\/aof55.com\/index.php\/wp-json\/wp\/v2\/pages\/38","targetHints":{"allow":["GET"]}}],"collection":[{"href":"https:\/\/aof55.com\/index.php\/wp-json\/wp\/v2\/pages"}],"about":[{"href":"https:\/\/aof55.com\/index.php\/wp-json\/wp\/v2\/types\/page"}],"author":[{"embeddable":true,"href":"https:\/\/aof55.com\/index.php\/wp-json\/wp\/v2\/users\/1"}],"replies":[{"embeddable":true,"href":"https:\/\/aof55.com\/index.php\/wp-json\/wp\/v2\/comments?post=38"}],"version-history":[{"count":0,"href":"https:\/\/aof55.com\/index.php\/wp-json\/wp\/v2\/pages\/38\/revisions"}],"wp:attachment":[{"href":"https:\/\/aof55.com\/index.php\/wp-json\/wp\/v2\/media?parent=38"}],"curies":[{"name":"wp","href":"https:\/\/api.w.org\/{rel}","templated":true}]}}