{"id":41,"date":"2018-10-26T11:22:24","date_gmt":"2018-10-26T09:22:24","guid":{"rendered":"http:\/\/aof55.com\/?page_id=41"},"modified":"2019-04-15T10:12:38","modified_gmt":"2019-04-15T08:12:38","slug":"pour-les-particuliers","status":"publish","type":"page","link":"https:\/\/aof55.com\/index.php\/pour-les-particuliers\/","title":{"rendered":"Pour les particuliers"},"content":{"rendered":"<div style=\"text-align: justify;\">\n<div class=\"stroke stroke-red\"><\/div>\n<p><span style=\"color: #ff0000;\"><strong>Sant\u00e9<\/strong><\/span><br \/>\nPour compl\u00e9ter les prestations des r\u00e9gimes obligatoires d\u2019assurance maladie, les assureurs proposent des contrats d\u2019assurance sant\u00e9 appel\u00e9s \u00ab compl\u00e9mentaires ou mutuelles sant\u00e9 \u00bb. Les frais de soins sont partiellement pris en charge par les r\u00e9gimes obligatoires d&rsquo;assurance maladie. L&rsquo;assurance compl\u00e9mentaire sant\u00e9 intervient donc en compl\u00e9ment, de mani\u00e8re plus ou moins importante, en fonction des garanties souscrites et des besoins de l&rsquo;assur\u00e9. La plupart des contrats d&rsquo;assurance compl\u00e9mentaire sant\u00e9 sont des contrats dits responsables. Ces contrats doivent respecter certaines obligations et interdictions de prise en charge.<\/p>\n<div class=\"stroke stroke-green\"><\/div>\n<p><span style=\"color: #339966;\"><strong>Pr\u00e9voyance<\/strong><\/span><br \/>\nPour choisir le bon contrat de pr\u00e9voyance, il est essentiel de faire le point sur votre situation et vos besoins. Suivant que vous soyez salari\u00e9 ou travailleur ind\u00e9pendant, la couverture de la S\u00e9curit\u00e9 sociale diff\u00e8re et entra\u00eene des besoins diff\u00e9rents. Arr\u00eat de travail, invalidit\u00e9, d\u00e9c\u00e8s, perte d&rsquo;autonomie&#8230; Tous ces accidents de la vie peuvent mettre en p\u00e9ril la s\u00e9curit\u00e9 financi\u00e8re et la tranquillit\u00e9 de la famille. C&rsquo;est pour vous prot\u00e9ger, vous et votre famille, que le\u00a0<strong>Cabinet AOF55<\/strong>\u00a0vous conseille et recherche des solutions compl\u00e8tes, parce que vous avez besoin d&rsquo;un revenu compl\u00e9mentaire en cas d&rsquo;arr\u00eat de travail et d&rsquo;invalidit\u00e9, vous avez besoin de prot\u00e9ger votre famille en cas de perte d&rsquo;autonomie ou de d\u00e9c\u00e8s.<\/p>\n<div class=\"stroke stroke-orange\"><\/div>\n<p><span style=\"color: orange;\"><strong>Retraite \/ \u00c9pargne<\/strong><\/span><br \/>\n\u00c9pargner pour se constituer un compl\u00e9ment de retraite va devenir de plus en plus n\u00e9cessaire pour compenser les risques de retraite insuffisante \u00e0 l&rsquo;avenir. Vous trouverez au\u00a0<strong>Cabinet AOF55<\/strong>\u00a0diff\u00e9rentes formules d&rsquo;\u00e9pargne permettant de se constituer un capital de Retraite individuelle. Une chose est certaine, mieux vaut commencer t\u00f4t et le faire de mani\u00e8re r\u00e9guli\u00e8re. Si les contrats d&rsquo;assurance-vie restent les produits phares dans ce domaine, il existe d&rsquo;autres formules \u00e0 incidences fiscales par exemple, le PERP, le PERCO, les contrats Madelin pour les travailleurs non salari\u00e9s.<\/p>\n<div class=\"stroke stroke-purple\"><\/div>\n<p><span style=\"color: #993366;\"><strong>Auto\/Moto<\/strong><\/span><br \/>\nAssurer sa voiture est obligatoire depuis 1958 et cette r\u00e8gle est r\u00e9gie par le code des assurances. Au-del\u00e0 de l&rsquo;obligation l\u00e9gale, les assureurs proposent des garanties facultatives \u00e0 souscrire selon vos besoins sp\u00e9cifiques. Pour \u00eatre bien assur\u00e9, il faut aussi respecter certaines r\u00e8gles, au moment de la souscription du contrat, en cours de contrat et en mati\u00e8re de pr\u00e9vention. Au moment de changer d&rsquo;assurance, le relev\u00e9 d&rsquo;information est indispensable pour le nouvel assureur. Le\u00a0<strong>Cabinet AOF55<\/strong>\u00a0assure tous types de v\u00e9hicules ainsi que tous les profils d&rsquo;assur\u00e9s, particuliers ou professionnels, bons conducteurs ou maluss\u00e9s.<\/p>\n<div class=\"stroke stroke-blue\"><\/div>\n<p><span style=\"color: #1a62b7;\"><strong>Habitation<\/strong><\/span><br \/>\nToute personne peut causer involontairement un dommage \u00e0 autrui. La responsabilit\u00e9 civile d\u00e9finie par la loi, cr\u00e9e l&rsquo;obligation de r\u00e9parer le dommage caus\u00e9. Les assureurs incluent syst\u00e9matiquement une garantie de responsabilit\u00e9 civile vie priv\u00e9e dans les contrats multirisques habitation. M\u00eame si, dans certains cas, l&rsquo;assurance est obligatoire, comme l&rsquo;assurance automobile, en mati\u00e8re d&rsquo;habitation, il n&rsquo;y a pas encore de loi qui vous contraint \u00e0 assurer vos biens et vos patrimoines aupr\u00e8s d&rsquo;une compagnie d&rsquo;assurance si vous \u00eates propri\u00e9taire d&rsquo;un immeuble. Mais vous avez librement le choix entre souscrire une assurance ou \u00eatre le propre garant de vos biens avec tous les risques et cons\u00e9quences financi\u00e8res que cela comporte.<\/p>\n<div class=\"stroke stroke-grey\"><\/div>\n<p><span style=\"color: #808080;\"><strong>Protection juridique<\/strong><\/span><br \/>\nFace \u00e0 la multiplicit\u00e9 et la complexit\u00e9 des lois, \u00e0 une soci\u00e9t\u00e9 de plus en plus proc\u00e9duri\u00e8re, souscrire un contrat de protection juridique est un acte de pr\u00e9vention indispensable. Ce contrat rend accessible cette environnement juridique et facilite le r\u00e8glement des litiges par un dialogue avec la partie adverse et toujours dans le respect de vos int\u00e9r\u00eats.<img loading=\"lazy\" decoding=\"async\" class=\"aligncenter size-large wp-image-137\" src=\"https:\/\/aof55.com\/wp-content\/uploads\/2018\/11\/money-2724235_1280-1024x567.jpg\" alt=\"\" width=\"750\" height=\"415\" srcset=\"https:\/\/aof55.com\/wp-content\/uploads\/2018\/11\/money-2724235_1280-1024x567.jpg 1024w, https:\/\/aof55.com\/wp-content\/uploads\/2018\/11\/money-2724235_1280-300x166.jpg 300w, https:\/\/aof55.com\/wp-content\/uploads\/2018\/11\/money-2724235_1280-768x425.jpg 768w, https:\/\/aof55.com\/wp-content\/uploads\/2018\/11\/money-2724235_1280.jpg 1280w\" sizes=\"auto, (max-width: 750px) 100vw, 750px\" \/><\/p>\n<\/div>\n","protected":false},"excerpt":{"rendered":"<p>Sant\u00e9 Pour compl\u00e9ter les prestations des r\u00e9gimes obligatoires d\u2019assurance maladie, les assureurs proposent des contrats d\u2019assurance sant\u00e9 appel\u00e9s \u00ab compl\u00e9mentaires ou mutuelles sant\u00e9 \u00bb. Les frais de soins sont partiellement pris en charge par les r\u00e9gimes obligatoires d&rsquo;assurance maladie. L&rsquo;assurance compl\u00e9mentaire sant\u00e9 intervient donc en compl\u00e9ment, de mani\u00e8re plus ou moins importante, en fonction des [&hellip;]<\/p>\n","protected":false},"author":1,"featured_media":0,"parent":0,"menu_order":0,"comment_status":"closed","ping_status":"closed","template":"Page-fullwidth.php","meta":{"footnotes":""},"class_list":["post-41","page","type-page","status-publish","hentry"],"_links":{"self":[{"href":"https:\/\/aof55.com\/index.php\/wp-json\/wp\/v2\/pages\/41","targetHints":{"allow":["GET"]}}],"collection":[{"href":"https:\/\/aof55.com\/index.php\/wp-json\/wp\/v2\/pages"}],"about":[{"href":"https:\/\/aof55.com\/index.php\/wp-json\/wp\/v2\/types\/page"}],"author":[{"embeddable":true,"href":"https:\/\/aof55.com\/index.php\/wp-json\/wp\/v2\/users\/1"}],"replies":[{"embeddable":true,"href":"https:\/\/aof55.com\/index.php\/wp-json\/wp\/v2\/comments?post=41"}],"version-history":[{"count":0,"href":"https:\/\/aof55.com\/index.php\/wp-json\/wp\/v2\/pages\/41\/revisions"}],"wp:attachment":[{"href":"https:\/\/aof55.com\/index.php\/wp-json\/wp\/v2\/media?parent=41"}],"curies":[{"name":"wp","href":"https:\/\/api.w.org\/{rel}","templated":true}]}}